{"id":2,"date":"2015-02-19T04:39:32","date_gmt":"2015-02-19T04:39:32","guid":{"rendered":"http:\/\/localhost:8080\/wordpress-4.1.1\/wordpress\/?page_id=2"},"modified":"2017-07-28T18:17:59","modified_gmt":"2017-07-28T18:17:59","slug":"sample-page","status":"publish","type":"page","link":"https:\/\/togo-systems.ch\/wordpress\/?page_id=2","title":{"rendered":"Ton Technik"},"content":{"rendered":"<h1 style=\"text-align: center;\">ton-technik<\/h1>\n<h2>Schon geh\u00f6rt? Wir vertrauen nicht nur dem neuesten Material \u2013 Wir verwenden auch das bew\u00e4hrteste!<\/h2>\n<p>Mit unserem Audioequipment ist es m\u00f6glich verschieden grosse Veranstaltungen sowie die unterschiedlichsten R\u00e4ume zu beschallen. Nat\u00fcrlich haben wir auch f\u00fcr Deinen Anlass genau das Richtige!<\/p>\n<p>Ob f\u00fcr<\/p>\n<ul>\n<li>Hochzeiten<\/li>\n<li>Private Feiern mit 50 \u2013 100 G\u00e4sten<\/li>\n<li>Partys mit 2000 Personen<\/li>\n<li>Livekonzerte<\/li>\n<li>Firmenanl\u00e4sse<\/li>\n<\/ul>\n<p>Togo-systems.ch bringt hochwertiges Tonequipment von bekannten Herstellern. Wir bauen auf und \u00fcbernehmen die technische Betreuung w\u00e4hrend dem Event.<\/p>\n<p><strong>\u00dcbrigens:<\/strong> In unserem Lager stehen auch Musikanlagen zum Abholen bereit. Der Auf- und Abbau sowie die Bedienung sind kinderleicht!<\/p>\n<p>&nbsp;<\/p>\n","protected":false},"excerpt":{"rendered":"<p>ton-technik Schon geh\u00f6rt? Wir vertrauen nicht nur dem neuesten Material \u2013 Wir verwenden auch das bew\u00e4hrteste! Mit unserem Audioequipment ist es m\u00f6glich verschieden grosse Veranstaltungen sowie die unterschiedlichsten R\u00e4ume zu beschallen. Nat\u00fcrlich haben wir auch f\u00fcr Deinen Anlass genau das Richtige! Ob f\u00fcr Hochzeiten Private Feiern mit 50 \u2013 100 G\u00e4sten Partys mit 2000 Personen &hellip; <a href=\"https:\/\/togo-systems.ch\/wordpress\/?page_id=2\" class=\"more-link\"><span class=\"screen-reader-text\">Ton Technik<\/span> weiterlesen <span class=\"meta-nav\">&rarr;<\/span><\/a><\/p>\n","protected":false},"author":1,"featured_media":0,"parent":0,"menu_order":1,"comment_status":"closed","ping_status":"closed","template":"","meta":[],"_links":{"self":[{"href":"https:\/\/togo-systems.ch\/wordpress\/index.php?rest_route=\/wp\/v2\/pages\/2"}],"collection":[{"href":"https:\/\/togo-systems.ch\/wordpress\/index.php?rest_route=\/wp\/v2\/pages"}],"about":[{"href":"https:\/\/togo-systems.ch\/wordpress\/index.php?rest_route=\/wp\/v2\/types\/page"}],"author":[{"embeddable":true,"href":"https:\/\/togo-systems.ch\/wordpress\/index.php?rest_route=\/wp\/v2\/users\/1"}],"replies":[{"embeddable":true,"href":"https:\/\/togo-systems.ch\/wordpress\/index.php?rest_route=%2Fwp%2Fv2%2Fcomments&post=2"}],"version-history":[{"count":16,"href":"https:\/\/togo-systems.ch\/wordpress\/index.php?rest_route=\/wp\/v2\/pages\/2\/revisions"}],"predecessor-version":[{"id":348,"href":"https:\/\/togo-systems.ch\/wordpress\/index.php?rest_route=\/wp\/v2\/pages\/2\/revisions\/348"}],"wp:attachment":[{"href":"https:\/\/togo-systems.ch\/wordpress\/index.php?rest_route=%2Fwp%2Fv2%2Fmedia&parent=2"}],"curies":[{"name":"wp","href":"https:\/\/api.w.org\/{rel}","templated":true}]}}