{"id":14,"date":"2015-04-08T21:16:26","date_gmt":"2015-04-08T21:16:26","guid":{"rendered":"https:\/\/togo-systems.ch\/wordpress\/?page_id=14"},"modified":"2017-07-14T19:56:41","modified_gmt":"2017-07-14T19:56:41","slug":"hallo-world","status":"publish","type":"page","link":"https:\/\/togo-systems.ch\/wordpress\/","title":{"rendered":"Home"},"content":{"rendered":"<h1 style=\"text-align: center;\">willkommen bei togo-systems.ch<\/h1>\n<h2>Du bist auf der richtigen Seite angelangt falls Du eine Musikanlage oder Lichteffekte brauchst.<\/h2>\n<p>Wir bieten Dir das passende Licht- und Soundequipment f\u00fcr Deinen Event, Deine Party, Deine Show. Unser Mietpark wird immer wieder aufgefrischt und mit neuer Technik erweitert.<\/p>\n<p>Togo-systems.ch vertraut auf bew\u00e4hrte und namhafte Marken im Bereich Veranstaltungstechnik. Seien es Audioger\u00e4te von Dynacord, JBL, Soundcraft, Sennheiser etc. oder Lampen aus dem Hause GLP, FOS oder Showtec &#8211; bei uns befinden sich die richtigen Ger\u00e4te f\u00fcr Deinen Anlass, egal ob es eine kleine Feier mit 50 Personen, oder eine Party f\u00fcr 2000 Leute geben soll.<\/p>\n<p>Bei uns bist Du richtig! Togo-systems.ch plant und realisiert die ton- und lichttechnischen Angelegenheiten. Wir k\u00fcmmern uns um das perfekte H\u00f6rerlebnis und die richtige Beleuchtung.<\/p>\n<p>Du willst Deinen eigenen Event unvergesslich machen? Wir unterst\u00fctzen Dich dabei!<\/p>\n","protected":false},"excerpt":{"rendered":"<p>willkommen bei togo-systems.ch Du bist auf der richtigen Seite angelangt falls Du eine Musikanlage oder Lichteffekte brauchst. Wir bieten Dir das passende Licht- und Soundequipment f\u00fcr Deinen Event, Deine Party, Deine Show. Unser Mietpark wird immer wieder aufgefrischt und mit neuer Technik erweitert. Togo-systems.ch vertraut auf bew\u00e4hrte und namhafte Marken im Bereich Veranstaltungstechnik. Seien es &hellip; <a href=\"https:\/\/togo-systems.ch\/wordpress\/\" class=\"more-link\"><span class=\"screen-reader-text\">Home<\/span> weiterlesen <span class=\"meta-nav\">&rarr;<\/span><\/a><\/p>\n","protected":false},"author":1,"featured_media":0,"parent":0,"menu_order":0,"comment_status":"closed","ping_status":"closed","template":"","meta":[],"_links":{"self":[{"href":"https:\/\/togo-systems.ch\/wordpress\/index.php?rest_route=\/wp\/v2\/pages\/14"}],"collection":[{"href":"https:\/\/togo-systems.ch\/wordpress\/index.php?rest_route=\/wp\/v2\/pages"}],"about":[{"href":"https:\/\/togo-systems.ch\/wordpress\/index.php?rest_route=\/wp\/v2\/types\/page"}],"author":[{"embeddable":true,"href":"https:\/\/togo-systems.ch\/wordpress\/index.php?rest_route=\/wp\/v2\/users\/1"}],"replies":[{"embeddable":true,"href":"https:\/\/togo-systems.ch\/wordpress\/index.php?rest_route=%2Fwp%2Fv2%2Fcomments&post=14"}],"version-history":[{"count":26,"href":"https:\/\/togo-systems.ch\/wordpress\/index.php?rest_route=\/wp\/v2\/pages\/14\/revisions"}],"predecessor-version":[{"id":340,"href":"https:\/\/togo-systems.ch\/wordpress\/index.php?rest_route=\/wp\/v2\/pages\/14\/revisions\/340"}],"wp:attachment":[{"href":"https:\/\/togo-systems.ch\/wordpress\/index.php?rest_route=%2Fwp%2Fv2%2Fmedia&parent=14"}],"curies":[{"name":"wp","href":"https:\/\/api.w.org\/{rel}","templated":true}]}}